{"id":42,"date":"2020-09-30T17:50:01","date_gmt":"2020-09-30T15:50:01","guid":{"rendered":"http:\/\/interdrukservices.pl\/?page_id=42"},"modified":"2022-10-27T15:15:31","modified_gmt":"2022-10-27T13:15:31","slug":"homepage","status":"publish","type":"page","link":"https:\/\/interdrukservices.pl\/","title":{"rendered":""},"content":{"rendered":"\n<div style=\"height:500px\" aria-hidden=\"true\" class=\"wp-block-spacer\"><\/div>\n\n\n\n<div style=\"height:75px\" aria-hidden=\"true\" class=\"wp-block-spacer\"><\/div>\n\n\n\n<hr class=\"wp-block-separator has-css-opacity\"\/>\n\n\n\n<div class=\"wp-block-buttons is-content-justification-right is-layout-flex wp-container-core-buttons-is-layout-d445cf74 wp-block-buttons-is-layout-flex\"><\/div>\n\n\n\n<p class=\"has-text-align-center has-black-color has-text-color\"><a href=\"http:\/\/interdrukservices.pl\"><mark style=\"background-color:rgba(0, 0, 0, 0)\" class=\"has-inline-color has-black-color\">Interdruk Services S.A. ul. \u0141ucka 15\/3002, 00-842 Warszawa<br>S\u0105d Rejonowy dla Miasta Sto\u0142ecznego Warszawy XII Wydzia\u0142 Gospodarczy Krajowego Rejestru S\u0105dowego<br>KRS: 0000523145, NIP: 527-272-07-16, REGON: 147359282, wysoko\u015b\u0107 kapita\u0142u zak\u0142adowego 100.000 PLN<\/mark><\/a><br><a rel=\"noreferrer noopener\" href=\"http:\/\/interdrukservices.pl\/si\/\" target=\"_blank\"><mark style=\"background-color:rgba(0, 0, 0, 0)\" class=\"has-inline-color has-black-color\">Strefa Akcjonariusza<\/mark><\/a> <a rel=\"noreferrer noopener\" href=\"https:\/\/interdruk.services.zalezymi.pl\" target=\"_blank\"><mark style=\"background-color:rgba(0, 0, 0, 0)\" class=\"has-inline-color has-black-color\">komunikacja<\/mark><\/a><\/p>\n","protected":false},"excerpt":{"rendered":"<p>Interdruk Services S.A. ul. \u0141ucka 15\/3002, 00-842 WarszawaS\u0105d Rejonowy dla Miasta Sto\u0142ecznego Warszawy XII Wydzia\u0142 Gospodarczy Krajowego Rejestru S\u0105dowegoKRS: 0000523145, NIP: 527-272-07-16, REGON: 147359282, wysoko\u015b\u0107 kapita\u0142u zak\u0142adowego 100.000 PLNStrefa Akcjonariusza komunikacja<\/p>\n","protected":false},"author":1,"featured_media":0,"parent":0,"menu_order":0,"comment_status":"closed","ping_status":"closed","template":"elementor_header_footer","meta":{"footnotes":""},"class_list":["post-42","page","type-page","status-publish","hentry"],"_links":{"self":[{"href":"https:\/\/interdrukservices.pl\/index.php\/wp-json\/wp\/v2\/pages\/42","targetHints":{"allow":["GET"]}}],"collection":[{"href":"https:\/\/interdrukservices.pl\/index.php\/wp-json\/wp\/v2\/pages"}],"about":[{"href":"https:\/\/interdrukservices.pl\/index.php\/wp-json\/wp\/v2\/types\/page"}],"author":[{"embeddable":true,"href":"https:\/\/interdrukservices.pl\/index.php\/wp-json\/wp\/v2\/users\/1"}],"replies":[{"embeddable":true,"href":"https:\/\/interdrukservices.pl\/index.php\/wp-json\/wp\/v2\/comments?post=42"}],"version-history":[{"count":31,"href":"https:\/\/interdrukservices.pl\/index.php\/wp-json\/wp\/v2\/pages\/42\/revisions"}],"predecessor-version":[{"id":90,"href":"https:\/\/interdrukservices.pl\/index.php\/wp-json\/wp\/v2\/pages\/42\/revisions\/90"}],"wp:attachment":[{"href":"https:\/\/interdrukservices.pl\/index.php\/wp-json\/wp\/v2\/media?parent=42"}],"curies":[{"name":"wp","href":"https:\/\/api.w.org\/{rel}","templated":true}]}}